{"id":361,"date":"2022-04-21T10:43:21","date_gmt":"2022-04-21T10:43:21","guid":{"rendered":"https:\/\/luxalarm.hu\/1\/?page_id=361"},"modified":"2022-04-21T10:47:08","modified_gmt":"2022-04-21T10:47:08","slug":"szolgaltatasaink","status":"publish","type":"page","link":"http:\/\/luxalarm.hu\/?page_id=361","title":{"rendered":"Szolg\u00e1ltat\u00e1saink"},"content":{"rendered":"\n<p>Elektronikus vagyonv\u00e9delem:<\/p>\n\n\n\n<p>\u2022&nbsp;&nbsp;&nbsp;&nbsp;&nbsp;&nbsp;&nbsp;&nbsp;&nbsp; riaszt\u00f3 rendszerek<\/p>\n\n\n\n<p>\u2022&nbsp;&nbsp;&nbsp;&nbsp;&nbsp;&nbsp;&nbsp;&nbsp;&nbsp; t\u0171zjelz\u0151 rendszerek<\/p>\n\n\n\n<p>\u2022&nbsp;&nbsp;&nbsp;&nbsp;&nbsp;&nbsp;&nbsp;&nbsp;&nbsp; bel\u00e9ptet\u0151 rendszerek<\/p>\n\n\n\n<p>\u2022&nbsp;&nbsp;&nbsp;&nbsp;&nbsp;&nbsp;&nbsp;&nbsp;&nbsp; vide\u00f3 megfigyel\u0151 rendszerek<\/p>\n\n\n\n<p>&nbsp;&nbsp;&nbsp;&nbsp; tervez\u00e9se, telep\u00edt\u00e9se, karbantart\u00e1sa, jav\u00edt\u00e1sa.<\/p>\n\n\n\n<p>&nbsp;&nbsp;&nbsp;&nbsp; Az ut\u00f3bbi \u00e9vekben a t\u0171zjelz\u0151 lett az els\u0151dleges tev\u00e9kenys\u00e9gi k\u00f6r!<\/p>\n\n\n\n<p>C\u00e9g-, \u00e9s rekl\u00e1mfeliratok<\/p>\n\n\n\n<p>&nbsp;&nbsp;&nbsp;&nbsp;&nbsp; A tev\u00e9kenys\u00e9get 2019-ben abbahagytuk a t\u0171zjelz\u0151 tev\u00e9kenys\u00e9g t\u00e9rnyer\u00e9se miatt!<\/p>\n\n\n\n<p>\u2022&nbsp;&nbsp;&nbsp;&nbsp;&nbsp;&nbsp;&nbsp;&nbsp;&nbsp; A legk\u00fcl\u00f6nf\u00e9l\u00e9bb anyagokb\u00f3l, k\u00fcl\u00f6nf\u00e9le technol\u00f3gi\u00e1val k\u00e9sz\u00fclt c\u00e9g-, \u00e9s&nbsp;&nbsp;&nbsp;&nbsp;&nbsp;&nbsp;&nbsp; rekl\u00e1mfeliratok tervez\u00e9se, felszerel\u00e9se, karbantart\u00e1sa, jav\u00edt\u00e1sa.<\/p>\n\n\n\n<p>\u2022&nbsp;&nbsp;&nbsp;&nbsp;&nbsp;&nbsp;&nbsp;&nbsp;&nbsp; Sz\u00e1m\u00edt\u00f3g\u00e9pes grafika \u00e9s bet\u0171v\u00e1g\u00e1s f\u00f3li\u00e1b\u00f3l.<\/p>\n","protected":false},"excerpt":{"rendered":"<p>Elektronikus vagyonv\u00e9delem: \u2022&nbsp;&nbsp;&nbsp;&nbsp;&nbsp;&nbsp;&nbsp;&nbsp;&nbsp; riaszt\u00f3 rendszerek \u2022&nbsp;&nbsp;&nbsp;&nbsp;&nbsp;&nbsp;&nbsp;&nbsp;&nbsp; t\u0171zjelz\u0151 rendszerek \u2022&nbsp;&nbsp;&nbsp;&nbsp;&nbsp;&nbsp;&nbsp;&nbsp;&nbsp; bel\u00e9ptet\u0151 rendszerek \u2022&nbsp;&nbsp;&nbsp;&nbsp;&nbsp;&nbsp;&nbsp;&nbsp;&nbsp; vide\u00f3 megfigyel\u0151 rendszerek &nbsp;&nbsp;&nbsp;&nbsp; tervez\u00e9se, telep\u00edt\u00e9se, karbantart\u00e1sa, jav\u00edt\u00e1sa. &nbsp;&nbsp;&nbsp;&nbsp; Az ut\u00f3bbi \u00e9vekben a t\u0171zjelz\u0151 lett az els\u0151dleges tev\u00e9kenys\u00e9gi k\u00f6r! C\u00e9g-, \u00e9s rekl\u00e1mfeliratok &nbsp;&nbsp;&nbsp;&nbsp;&nbsp; A tev\u00e9kenys\u00e9get 2019-ben abbahagytuk a<\/p>\n","protected":false},"author":2,"featured_media":0,"parent":0,"menu_order":0,"comment_status":"closed","ping_status":"closed","template":"","meta":[],"_links":{"self":[{"href":"http:\/\/luxalarm.hu\/index.php?rest_route=\/wp\/v2\/pages\/361"}],"collection":[{"href":"http:\/\/luxalarm.hu\/index.php?rest_route=\/wp\/v2\/pages"}],"about":[{"href":"http:\/\/luxalarm.hu\/index.php?rest_route=\/wp\/v2\/types\/page"}],"author":[{"embeddable":true,"href":"http:\/\/luxalarm.hu\/index.php?rest_route=\/wp\/v2\/users\/2"}],"replies":[{"embeddable":true,"href":"http:\/\/luxalarm.hu\/index.php?rest_route=%2Fwp%2Fv2%2Fcomments&post=361"}],"version-history":[{"count":1,"href":"http:\/\/luxalarm.hu\/index.php?rest_route=\/wp\/v2\/pages\/361\/revisions"}],"predecessor-version":[{"id":362,"href":"http:\/\/luxalarm.hu\/index.php?rest_route=\/wp\/v2\/pages\/361\/revisions\/362"}],"wp:attachment":[{"href":"http:\/\/luxalarm.hu\/index.php?rest_route=%2Fwp%2Fv2%2Fmedia&parent=361"}],"curies":[{"name":"wp","href":"https:\/\/api.w.org\/{rel}","templated":true}]}}