{"id":359,"date":"2022-04-21T10:41:44","date_gmt":"2022-04-21T10:41:44","guid":{"rendered":"https:\/\/luxalarm.hu\/1\/?page_id=359"},"modified":"2022-04-21T10:51:50","modified_gmt":"2022-04-21T10:51:50","slug":"elerhetosegeink","status":"publish","type":"page","link":"http:\/\/luxalarm.hu\/?page_id=359","title":{"rendered":"El\u00e9rhet\u0151s\u00e9geink"},"content":{"rendered":"\n<p>Telephely c\u00edm: 8000 Sz\u00e9kesfeh\u00e9rv\u00e1r, Kisteleki u. 33\/A.<\/p>\n\n\n\n<p>Lev\u00e9lc\u00edm: 8000 Sz\u00e9kesfeh\u00e9rv\u00e1r, Kisteleki u. 33\/A.<\/p>\n\n\n\n<p>Telefon\/Telefax: 36-22-328-799<\/p>\n\n\n\n<p>\u00dcgyeletes szerel\u0151 telefon: 36-30-9390-799<\/p>\n\n\n\n<p>E-mail: <a href=\"mailto:luxalarm@luxalarm.hu\">luxalarm@luxalarm.hu<\/a><\/p>\n\n\n\n<p>Irodai nyitva tart\u00e1s: 8-16 \u00f3r\u00e1ig<\/p>\n","protected":false},"excerpt":{"rendered":"<p>Telephely c\u00edm: 8000 Sz\u00e9kesfeh\u00e9rv\u00e1r, Kisteleki u. 33\/A. Lev\u00e9lc\u00edm: 8000 Sz\u00e9kesfeh\u00e9rv\u00e1r, Kisteleki u. 33\/A. Telefon\/Telefax: 36-22-328-799 \u00dcgyeletes szerel\u0151 telefon: 36-30-9390-799 E-mail: luxalarm@luxalarm.hu Irodai nyitva tart\u00e1s: 8-16 \u00f3r\u00e1ig<\/p>\n","protected":false},"author":2,"featured_media":0,"parent":0,"menu_order":0,"comment_status":"closed","ping_status":"closed","template":"","meta":[],"_links":{"self":[{"href":"http:\/\/luxalarm.hu\/index.php?rest_route=\/wp\/v2\/pages\/359"}],"collection":[{"href":"http:\/\/luxalarm.hu\/index.php?rest_route=\/wp\/v2\/pages"}],"about":[{"href":"http:\/\/luxalarm.hu\/index.php?rest_route=\/wp\/v2\/types\/page"}],"author":[{"embeddable":true,"href":"http:\/\/luxalarm.hu\/index.php?rest_route=\/wp\/v2\/users\/2"}],"replies":[{"embeddable":true,"href":"http:\/\/luxalarm.hu\/index.php?rest_route=%2Fwp%2Fv2%2Fcomments&post=359"}],"version-history":[{"count":2,"href":"http:\/\/luxalarm.hu\/index.php?rest_route=\/wp\/v2\/pages\/359\/revisions"}],"predecessor-version":[{"id":368,"href":"http:\/\/luxalarm.hu\/index.php?rest_route=\/wp\/v2\/pages\/359\/revisions\/368"}],"wp:attachment":[{"href":"http:\/\/luxalarm.hu\/index.php?rest_route=%2Fwp%2Fv2%2Fmedia&parent=359"}],"curies":[{"name":"wp","href":"https:\/\/api.w.org\/{rel}","templated":true}]}}