{"id":357,"date":"2022-04-21T10:40:33","date_gmt":"2022-04-21T10:40:33","guid":{"rendered":"https:\/\/luxalarm.hu\/1\/?page_id=357"},"modified":"2022-04-21T10:47:25","modified_gmt":"2022-04-21T10:47:25","slug":"referenciank","status":"publish","type":"page","link":"http:\/\/luxalarm.hu\/?page_id=357","title":{"rendered":"Referenci\u00e1nk"},"content":{"rendered":"\n<p>\u00c1B-AEGON Biztos\u00edt\u00f3 orsz\u00e1gosan ( C\u00e9g-, \u00e9s rekl\u00e1mfeliratok ),<\/p>\n\n\n\n<p>ALCOA-K\u00d6F\u00c9M Kft. Sz\u00e9kesfeh\u00e9rv\u00e1r, ( riaszt\u00f3 rendszerek, vide\u00f3 megfigyel\u0151 rendszerek),<\/p>\n\n\n\n<p>ALCOA Ker\u00e9kterm\u00e9k Kft. Sz\u00e9kesfeh\u00e9rv\u00e1r, ( vide\u00f3 megfigyel\u0151 rendszerek ),<\/p>\n\n\n\n<p>Csemege Julius Meinl orsz\u00e1gosan ( c\u00e9g-, rekl\u00e1mfeliratok, riaszt\u00f3 rendszerek, hangos\u00edt\u00f3 rendszerek ),<\/p>\n\n\n\n<p>Csemege MATCH Zrt. PROFI ( c\u00e9g-, rekl\u00e1mfeliratok, riaszt\u00f3 rendszerek ),<\/p>\n\n\n\n<p>EMA-POWER Kft. Duna\u00fajv\u00e1ros, ( vide\u00f3 megfigyel\u0151 rendszerek ),<\/p>\n\n\n\n<p>Fej\u00e9r Megyei Szent Gy\u00f6rgy K\u00f3rh\u00e1z Sz\u00e9kesfeh\u00e9rv\u00e1r, ( c\u00e9g-, \u00e9s rekl\u00e1mfeliratok, riaszt\u00f3 rendszerek, bel\u00e9ptet\u0151 rendszerek ),<\/p>\n\n\n\n<p>Hung\u00e1ria Biztos\u00edt\u00f3 Rt. Fej\u00e9r-, Gy\u0151r-Sopron megye ( C\u00e9g-, \u00e9s rekl\u00e1mfeliratok ),<\/p>\n\n\n\n<p>IKARUSBUS Rt Sz\u00e9kesfeh\u00e9rv\u00e1r, ( riaszt\u00f3 rendszerek ),<\/p>\n\n\n\n<p>BM Bev\u00e1ndorl\u00e1si Hivatal Befogad\u00f3 \u00c1llom\u00e1s Bicske (vide\u00f3, bel\u00e9ptet\u0151 rendszer ),<\/p>\n\n\n\n<p>Sz\u00e9kesfeh\u00e9rv\u00e1ri Polg\u00e1rmesteri Hivatal Sz\u00e9kesfeh\u00e9rv\u00e1r ( riaszt\u00f3 rendszerek ),<\/p>\n\n\n\n<p>SPAR Magyarorsz\u00e1g Kft. orsz\u00e1gosan (t\u0171zjelz\u0151, riaszt\u00f3 rendszerek, c\u00e9g-, \u00e9s rekl\u00e1mfeliratok ),<\/p>\n\n\n\n<p>Magyar Aut\u00f3klub orsz\u00e1gosan ( c\u00e9g-, \u00e9s rekl\u00e1mfeliratok ),<\/p>\n\n\n\n<p>Cerbona t\u0171zjelz\u0151<\/p>\n\n\n\n<p>Felcs\u00fat Stadion T\u0171zjelz\u0151,<br>Felcs\u00fat Sportcentrum t\u0171zjelz\u0151,<br>Felcs\u00fat Kaz\u00e1nh\u00e1z t\u0171zjelz\u0151 ,<br>Felcs\u00fat Sz\u00e1lloda t\u0171zjelz\u0151 ,<br>LIDL orsz\u00e1gos c\u00e9glog\u00f3z\u00e1s,<br>\u00e9s m\u00e9g sz\u00e1mos k\u00f6zint\u00e9zm\u00e9ny, kereskedelmi egys\u00e9g \u00e9s iparv\u00e1llalat.<\/p>\n","protected":false},"excerpt":{"rendered":"<p>\u00c1B-AEGON Biztos\u00edt\u00f3 orsz\u00e1gosan ( C\u00e9g-, \u00e9s rekl\u00e1mfeliratok ), ALCOA-K\u00d6F\u00c9M Kft. Sz\u00e9kesfeh\u00e9rv\u00e1r, ( riaszt\u00f3 rendszerek, vide\u00f3 megfigyel\u0151 rendszerek), ALCOA Ker\u00e9kterm\u00e9k Kft. Sz\u00e9kesfeh\u00e9rv\u00e1r, ( vide\u00f3 megfigyel\u0151 rendszerek ), Csemege Julius Meinl orsz\u00e1gosan ( c\u00e9g-, rekl\u00e1mfeliratok, riaszt\u00f3 rendszerek, hangos\u00edt\u00f3 rendszerek ), Csemege MATCH<\/p>\n","protected":false},"author":2,"featured_media":0,"parent":0,"menu_order":0,"comment_status":"closed","ping_status":"closed","template":"","meta":[],"_links":{"self":[{"href":"http:\/\/luxalarm.hu\/index.php?rest_route=\/wp\/v2\/pages\/357"}],"collection":[{"href":"http:\/\/luxalarm.hu\/index.php?rest_route=\/wp\/v2\/pages"}],"about":[{"href":"http:\/\/luxalarm.hu\/index.php?rest_route=\/wp\/v2\/types\/page"}],"author":[{"embeddable":true,"href":"http:\/\/luxalarm.hu\/index.php?rest_route=\/wp\/v2\/users\/2"}],"replies":[{"embeddable":true,"href":"http:\/\/luxalarm.hu\/index.php?rest_route=%2Fwp%2Fv2%2Fcomments&post=357"}],"version-history":[{"count":1,"href":"http:\/\/luxalarm.hu\/index.php?rest_route=\/wp\/v2\/pages\/357\/revisions"}],"predecessor-version":[{"id":358,"href":"http:\/\/luxalarm.hu\/index.php?rest_route=\/wp\/v2\/pages\/357\/revisions\/358"}],"wp:attachment":[{"href":"http:\/\/luxalarm.hu\/index.php?rest_route=%2Fwp%2Fv2%2Fmedia&parent=357"}],"curies":[{"name":"wp","href":"https:\/\/api.w.org\/{rel}","templated":true}]}}