{"id":353,"date":"2022-04-21T10:30:55","date_gmt":"2022-04-21T10:30:55","guid":{"rendered":"https:\/\/luxalarm.hu\/1\/?page_id=353"},"modified":"2023-03-22T12:36:45","modified_gmt":"2023-03-22T12:36:45","slug":"cegtortenet","status":"publish","type":"page","link":"http:\/\/luxalarm.hu\/?page_id=353","title":{"rendered":"C\u00e9gt\u00f6rt\u00e9net"},"content":{"rendered":"\n<p>A LUXALARM Kft. 1992. m\u00e1jus 1-\u00e9n alakult mag\u00e1nt\u0151k\u00e9b\u0151l. Szakmai jogel\u0151dje az UNISZER Kissz\u00f6vetkezet, illetve azt megel\u0151z\u0151 UNISZER Le\u00e1nyv\u00e1llalat azonos tev\u00e9kenys\u00e9get v\u00e9gz\u0151 r\u00e9szlegei voltak. 1992-ben az UNISZER Kissz\u00f6vetkezetb\u0151l kiv\u00e1lva, megkezdte a m\u0171k\u00f6d\u00e9s\u00e9t. Szerencs\u00e9re a kezd\u00e9s nem null\u00e1r\u00f3l indult, mert a kor\u00e1bbi \u00fcgyf\u00e9lk\u00f6r megmaradt. Fokozatosan fejl\u0151d\u00e9s mellett ez id\u00e1ig minden gazdas\u00e1gi \u00e9vet pozit\u00edv eredm\u00e9nnyel z\u00e1rt.<\/p>\n\n\n\n<p>A LUXALARM Kft. ma m\u00e1r rendelkezik saj\u00e1t tulajdon\u00fa telephellyel, g\u00e9pkocsikkal \u00e9s a termel\u00e9shez sz\u00fcks\u00e9ges eszk\u00f6z\u00f6kkel.<\/p>\n\n\n\n<p>Munk\u00e1t az eg\u00e9sz orsz\u00e1g ter\u00fclet\u00e9n v\u00e1llal \u00e9s v\u00e9gez.<\/p>\n\n\n\n<p>A LUXALARM Kft. tagja a k\u00f6vetkez\u0151 szervezeteknek:<\/p>\n\n\n\n<p>\u2022 Fej\u00e9r Megyei Iparsz\u00f6vets\u00e9g<br>\u2022 SZEM Vagyonv\u00e9d\u0151k Orsz\u00e1gos Sz\u00f6vets\u00e9ge<br>\u2022 Fej\u00e9r Megyei Kereskedelmi \u00e9s Iparkamara<br>\u2022 Szem\u00e9ly-, Vagyonv\u00e9delmi \u00e9s Mag\u00e1nnyomoz\u00f3i Szakmai Kamara, Fej\u00e9r Megyei Szervezete<\/p>\n\n\n\n<p>\u00dcgyvezet\u0151 igazgat\u00f3:<br>Szil\u00e1gyi L\u00e1szl\u00f3 okl. g\u00e9p\u00e9sz \u00fczemm\u00e9rn\u00f6k<\/p>\n","protected":false},"excerpt":{"rendered":"<p>A LUXALARM Kft. 1992. m\u00e1jus 1-\u00e9n alakult mag\u00e1nt\u0151k\u00e9b\u0151l. Szakmai jogel\u0151dje az UNISZER Kissz\u00f6vetkezet, illetve azt megel\u0151z\u0151 UNISZER Le\u00e1nyv\u00e1llalat azonos tev\u00e9kenys\u00e9get v\u00e9gz\u0151 r\u00e9szlegei voltak. 1992-ben az UNISZER Kissz\u00f6vetkezetb\u0151l kiv\u00e1lva, megkezdte a m\u0171k\u00f6d\u00e9s\u00e9t. Szerencs\u00e9re a kezd\u00e9s nem null\u00e1r\u00f3l indult, mert a kor\u00e1bbi<\/p>\n","protected":false},"author":2,"featured_media":0,"parent":0,"menu_order":0,"comment_status":"closed","ping_status":"closed","template":"","meta":[],"_links":{"self":[{"href":"http:\/\/luxalarm.hu\/index.php?rest_route=\/wp\/v2\/pages\/353"}],"collection":[{"href":"http:\/\/luxalarm.hu\/index.php?rest_route=\/wp\/v2\/pages"}],"about":[{"href":"http:\/\/luxalarm.hu\/index.php?rest_route=\/wp\/v2\/types\/page"}],"author":[{"embeddable":true,"href":"http:\/\/luxalarm.hu\/index.php?rest_route=\/wp\/v2\/users\/2"}],"replies":[{"embeddable":true,"href":"http:\/\/luxalarm.hu\/index.php?rest_route=%2Fwp%2Fv2%2Fcomments&post=353"}],"version-history":[{"count":3,"href":"http:\/\/luxalarm.hu\/index.php?rest_route=\/wp\/v2\/pages\/353\/revisions"}],"predecessor-version":[{"id":367,"href":"http:\/\/luxalarm.hu\/index.php?rest_route=\/wp\/v2\/pages\/353\/revisions\/367"}],"wp:attachment":[{"href":"http:\/\/luxalarm.hu\/index.php?rest_route=%2Fwp%2Fv2%2Fmedia&parent=353"}],"curies":[{"name":"wp","href":"https:\/\/api.w.org\/{rel}","templated":true}]}}